{"id":2110,"date":"2024-07-04T10:50:29","date_gmt":"2024-07-04T14:50:29","guid":{"rendered":"https:\/\/entrepreneurship.gotothunderbay.ca\/les-bases\/"},"modified":"2025-10-30T12:41:45","modified_gmt":"2025-10-30T16:41:45","slug":"les-bases","status":"publish","type":"page","link":"https:\/\/entrepreneurship.gotothunderbay.ca\/fr\/","title":{"rendered":"Les bases"},"content":{"rendered":"\t\t<div data-elementor-type=\"wp-page\" data-elementor-id=\"2110\" class=\"elementor elementor-2110\" data-elementor-post-type=\"page\">\n\t\t\t\t<div class=\"elementor-element elementor-element-995da02 e-flex e-con-boxed e-con e-parent\" data-id=\"995da02\" data-element_type=\"container\">\n\t\t\t\t\t<div class=\"e-con-inner\">\n\t\t<div class=\"elementor-element elementor-element-94cc114 e-con-full e-flex e-con e-child\" data-id=\"94cc114\" data-element_type=\"container\">\n\t\t\t\t<div class=\"elementor-element elementor-element-e61df39 elementor-widget elementor-widget-heading\" data-id=\"e61df39\" data-element_type=\"widget\" data-widget_type=\"heading.default\">\n\t\t\t\t<div class=\"elementor-widget-container\">\n\t\t\t\t\t<h2 class=\"elementor-heading-title elementor-size-default\">Notions de base pour d\u00e9marrer une entreprise <\/h2>\t\t\t\t<\/div>\n\t\t\t\t<\/div>\n\t\t\t\t<div class=\"elementor-element elementor-element-5db0163 elementor-widget elementor-widget-text-editor\" data-id=\"5db0163\" data-element_type=\"widget\" data-widget_type=\"text-editor.default\">\n\t\t\t\t<div class=\"elementor-widget-container\">\n\t\t\t\t\t\t\t\t\t<p class=\"p1\">Enregistrement d\u2019une entreprise<\/p>\n\t\t\t\t\t\t\t\t<\/div>\n\t\t\t\t<\/div>\n\t\t\t\t<div class=\"elementor-element elementor-element-ca654b7 elementor-widget-divider--view-line elementor-widget elementor-widget-divider\" data-id=\"ca654b7\" data-element_type=\"widget\" data-widget_type=\"divider.default\">\n\t\t\t\t<div class=\"elementor-widget-container\">\n\t\t\t\t\t\t\t<div class=\"elementor-divider\">\n\t\t\t<span class=\"elementor-divider-separator\">\n\t\t\t\t\t\t<\/span>\n\t\t<\/div>\n\t\t\t\t\t\t<\/div>\n\t\t\t\t<\/div>\n\t\t\t\t<div class=\"elementor-element elementor-element-bf15aba elementor-widget elementor-widget-text-editor\" data-id=\"bf15aba\" data-element_type=\"widget\" data-widget_type=\"text-editor.default\">\n\t\t\t\t<div class=\"elementor-widget-container\">\n\t\t\t\t\t\t\t\t\t<p>Pour enregistrer une entreprise, utilisez la page du site Web correspondante du gouvernement de l\u2019Ontario. Il n\u2019est plus possible d\u2019enregistrer une entreprise en personne \u00e0 un point de service de ServiceOntario. Vous trouverez un lien vers l\u2019enregistrement de votre entreprise <a href=\"https:\/\/www.ontario.ca\/fr\/page\/entreprise\/demarrer\/enregistrer-votre-entreprise-en-ligne\" target=\"_blank\" rel=\"noopener\">ici<\/a>. N\u2019oubliez pas d\u2019effectuer une recherche dans le registre des entreprises et sur d\u2019autres moteurs de recherche, tels que Google, afin de vous assurer que votre nom d\u2019entreprise est unique et qu\u2019il n\u2019est pas d\u00e9j\u00e0 utilis\u00e9\u2009; sinon, vous risquez d\u2019enfreindre les droits de propri\u00e9t\u00e9 intellectuelle de quelqu\u2019un. <a href=\"https:\/\/ised-isde.canada.ca\/site\/office-propriete-intellectuelle-canada\/fr\" target=\"_blank\" rel=\"noopener\">En savoir plus ici<\/a>     <\/p>\n\t\t\t\t\t\t\t\t<\/div>\n\t\t\t\t<\/div>\n\t\t<div class=\"elementor-element elementor-element-f88d693 e-con-full e-flex e-con e-child\" data-id=\"f88d693\" data-element_type=\"container\">\n\t\t\t\t<div class=\"elementor-element elementor-element-0a63222 elementor-widget-divider--view-line elementor-widget elementor-widget-divider\" data-id=\"0a63222\" data-element_type=\"widget\" data-widget_type=\"divider.default\">\n\t\t\t\t<div class=\"elementor-widget-container\">\n\t\t\t\t\t\t\t<div class=\"elementor-divider\">\n\t\t\t<span class=\"elementor-divider-separator\">\n\t\t\t\t\t\t<\/span>\n\t\t<\/div>\n\t\t\t\t\t\t<\/div>\n\t\t\t\t<\/div>\n\t\t\t\t<div class=\"elementor-element elementor-element-4b5cfb7 elementor-widget elementor-widget-heading\" data-id=\"4b5cfb7\" data-element_type=\"widget\" data-widget_type=\"heading.default\">\n\t\t\t\t<div class=\"elementor-widget-container\">\n\t\t\t\t\t<h3 class=\"elementor-heading-title elementor-size-default\"><a href=\"https:\/\/entrepreneurship.gotothunderbay.ca\/fr\/les-bases\/structure-de-lentreprise\/\" target=\"_blank\">1. Structure de l\u2019entreprise <\/a><\/h3>\t\t\t\t<\/div>\n\t\t\t\t<\/div>\n\t\t\t\t<div class=\"elementor-element elementor-element-caa7211 elementor-widget elementor-widget-text-editor\" data-id=\"caa7211\" data-element_type=\"widget\" data-widget_type=\"text-editor.default\">\n\t\t\t\t<div class=\"elementor-widget-container\">\n\t\t\t\t\t\t\t\t\t<p>Choisir la bonne structure d&rsquo;entreprise est important. Apprenez-en plus sur les quatre principales structures d&rsquo;entreprise en Ontario. <\/p>\n\t\t\t\t\t\t\t\t<\/div>\n\t\t\t\t<\/div>\n\t\t\t\t<div class=\"elementor-element elementor-element-4e77059 elementor-widget-divider--view-line elementor-widget elementor-widget-divider\" data-id=\"4e77059\" data-element_type=\"widget\" data-widget_type=\"divider.default\">\n\t\t\t\t<div class=\"elementor-widget-container\">\n\t\t\t\t\t\t\t<div class=\"elementor-divider\">\n\t\t\t<span class=\"elementor-divider-separator\">\n\t\t\t\t\t\t<\/span>\n\t\t<\/div>\n\t\t\t\t\t\t<\/div>\n\t\t\t\t<\/div>\n\t\t\t\t<div class=\"elementor-element elementor-element-2931bd5 elementor-widget elementor-widget-heading\" data-id=\"2931bd5\" data-element_type=\"widget\" data-widget_type=\"heading.default\">\n\t\t\t\t<div class=\"elementor-widget-container\">\n\t\t\t\t\t<h3 class=\"elementor-heading-title elementor-size-default\"><a href=\"https:\/\/entrepreneurship.gotothunderbay.ca\/fr\/les-bases\/assurance\/\" target=\"_blank\">2. Assurance<\/a><\/h3>\t\t\t\t<\/div>\n\t\t\t\t<\/div>\n\t\t\t\t<div class=\"elementor-element elementor-element-f04f232 elementor-widget elementor-widget-text-editor\" data-id=\"f04f232\" data-element_type=\"widget\" data-widget_type=\"text-editor.default\">\n\t\t\t\t<div class=\"elementor-widget-container\">\n\t\t\t\t\t\t\t\t\t<p>L\u2019assurance d\u2019entreprise peut \u00eatre un \u00e9l\u00e9ment crucial de votre activit\u00e9 et un excellent moyen de prot\u00e9ger votre entreprise contre les incertitudes <\/p>\n\t\t\t\t\t\t\t\t<\/div>\n\t\t\t\t<\/div>\n\t\t\t\t<div class=\"elementor-element elementor-element-b24a98d elementor-widget-divider--view-line elementor-widget elementor-widget-divider\" data-id=\"b24a98d\" data-element_type=\"widget\" data-widget_type=\"divider.default\">\n\t\t\t\t<div class=\"elementor-widget-container\">\n\t\t\t\t\t\t\t<div class=\"elementor-divider\">\n\t\t\t<span class=\"elementor-divider-separator\">\n\t\t\t\t\t\t<\/span>\n\t\t<\/div>\n\t\t\t\t\t\t<\/div>\n\t\t\t\t<\/div>\n\t\t\t\t<div class=\"elementor-element elementor-element-51717e2 elementor-widget elementor-widget-heading\" data-id=\"51717e2\" data-element_type=\"widget\" data-widget_type=\"heading.default\">\n\t\t\t\t<div class=\"elementor-widget-container\">\n\t\t\t\t\t<h3 class=\"elementor-heading-title elementor-size-default\"><a href=\"https:\/\/entrepreneurship.gotothunderbay.ca\/fr\/les-bases\/compte-bancaire-dentreprise\/\" target=\"_blank\">3. Compte bancaire d\u2019entreprise<\/a><\/h3>\t\t\t\t<\/div>\n\t\t\t\t<\/div>\n\t\t\t\t<div class=\"elementor-element elementor-element-f70e282 elementor-widget elementor-widget-text-editor\" data-id=\"f70e282\" data-element_type=\"widget\" data-widget_type=\"text-editor.default\">\n\t\t\t\t<div class=\"elementor-widget-container\">\n\t\t\t\t\t\t\t\t\t<p>Les services bancaires aux entreprises sont un autre facteur important \u00e0 prendre en compte lors du d\u00e9marrage de votre entreprise<\/p>\n\t\t\t\t\t\t\t\t<\/div>\n\t\t\t\t<\/div>\n\t\t\t\t<div class=\"elementor-element elementor-element-ea37189 elementor-widget-divider--view-line elementor-widget elementor-widget-divider\" data-id=\"ea37189\" data-element_type=\"widget\" data-widget_type=\"divider.default\">\n\t\t\t\t<div class=\"elementor-widget-container\">\n\t\t\t\t\t\t\t<div class=\"elementor-divider\">\n\t\t\t<span class=\"elementor-divider-separator\">\n\t\t\t\t\t\t<\/span>\n\t\t<\/div>\n\t\t\t\t\t\t<\/div>\n\t\t\t\t<\/div>\n\t\t\t\t<div class=\"elementor-element elementor-element-2062fa7 elementor-widget elementor-widget-heading\" data-id=\"2062fa7\" data-element_type=\"widget\" data-widget_type=\"heading.default\">\n\t\t\t\t<div class=\"elementor-widget-container\">\n\t\t\t\t\t<h3 class=\"elementor-heading-title elementor-size-default\"><a href=\"https:\/\/entrepreneurship.gotothunderbay.ca\/fr\/les-bases\/tvh-paie-arc\/\" target=\"_blank\">4. TVH\/Paie\/ARC<\/a><\/h3>\t\t\t\t<\/div>\n\t\t\t\t<\/div>\n\t\t\t\t<div class=\"elementor-element elementor-element-6e1bf14 elementor-widget elementor-widget-text-editor\" data-id=\"6e1bf14\" data-element_type=\"widget\" data-widget_type=\"text-editor.default\">\n\t\t\t\t<div class=\"elementor-widget-container\">\n\t\t\t\t\t\t\t\t\t<p>Le meilleur conseil pour transiger avec l\u2019ARC est de leur poser les questions le plus directement possible. <\/p>\n\t\t\t\t\t\t\t\t<\/div>\n\t\t\t\t<\/div>\n\t\t\t\t<div class=\"elementor-element elementor-element-8500659 elementor-widget-divider--view-line elementor-widget elementor-widget-divider\" data-id=\"8500659\" data-element_type=\"widget\" data-widget_type=\"divider.default\">\n\t\t\t\t<div class=\"elementor-widget-container\">\n\t\t\t\t\t\t\t<div class=\"elementor-divider\">\n\t\t\t<span class=\"elementor-divider-separator\">\n\t\t\t\t\t\t<\/span>\n\t\t<\/div>\n\t\t\t\t\t\t<\/div>\n\t\t\t\t<\/div>\n\t\t\t\t<div class=\"elementor-element elementor-element-d514ce7 elementor-widget elementor-widget-heading\" data-id=\"d514ce7\" data-element_type=\"widget\" data-widget_type=\"heading.default\">\n\t\t\t\t<div class=\"elementor-widget-container\">\n\t\t\t\t\t<h3 class=\"elementor-heading-title elementor-size-default\"><a href=\"https:\/\/entrepreneurship.gotothunderbay.ca\/fr\/les-bases\/avocats-comptables-consultants\/\" target=\"_blank\">5. Avocats\/comptables\/consultants<\/a><\/h3>\t\t\t\t<\/div>\n\t\t\t\t<\/div>\n\t\t\t\t<div class=\"elementor-element elementor-element-a6a709e elementor-widget elementor-widget-text-editor\" data-id=\"a6a709e\" data-element_type=\"widget\" data-widget_type=\"text-editor.default\">\n\t\t\t\t<div class=\"elementor-widget-container\">\n\t\t\t\t\t\t\t\t\t<p>De nombreux entrepreneurs racontent que lorsqu\u2019ils \u00e9taient plus jeunes, ils demandaient \u00e0 une personne ayant r\u00e9ussi dans les affaires quelles \u00e9taient les cl\u00e9s de la r\u00e9ussite en tant qu\u2019entrepreneurs <\/p>\n\t\t\t\t\t\t\t\t<\/div>\n\t\t\t\t<\/div>\n\t\t\t\t<div class=\"elementor-element elementor-element-6322a22 elementor-widget-divider--view-line elementor-widget elementor-widget-divider\" data-id=\"6322a22\" data-element_type=\"widget\" data-widget_type=\"divider.default\">\n\t\t\t\t<div class=\"elementor-widget-container\">\n\t\t\t\t\t\t\t<div class=\"elementor-divider\">\n\t\t\t<span class=\"elementor-divider-separator\">\n\t\t\t\t\t\t<\/span>\n\t\t<\/div>\n\t\t\t\t\t\t<\/div>\n\t\t\t\t<\/div>\n\t\t\t\t<div class=\"elementor-element elementor-element-9dd3ceb elementor-widget elementor-widget-heading\" data-id=\"9dd3ceb\" data-element_type=\"widget\" data-widget_type=\"heading.default\">\n\t\t\t\t<div class=\"elementor-widget-container\">\n\t\t\t\t\t<h3 class=\"elementor-heading-title elementor-size-default\"><a href=\"https:\/\/entrepreneurship.gotothunderbay.ca\/fr\/les-bases\/permis-et-reglements\/\" target=\"_blank\">6. Permis et r\u00e8glements.<\/a><\/h3>\t\t\t\t<\/div>\n\t\t\t\t<\/div>\n\t\t\t\t<div class=\"elementor-element elementor-element-cfd2026 elementor-widget elementor-widget-text-editor\" data-id=\"cfd2026\" data-element_type=\"widget\" data-widget_type=\"text-editor.default\">\n\t\t\t\t<div class=\"elementor-widget-container\">\n\t\t\t\t\t\t\t\t\t<p>Lorsque vous exploitez une entreprise, veuillez examiner et comprendre les r\u00e8glements et les permis dont vous aurez besoin pour exercer votre activit\u00e9. <\/p>\n\t\t\t\t\t\t\t\t<\/div>\n\t\t\t\t<\/div>\n\t\t\t\t<div class=\"elementor-element elementor-element-bc200bd elementor-widget-divider--view-line elementor-widget elementor-widget-divider\" data-id=\"bc200bd\" data-element_type=\"widget\" data-widget_type=\"divider.default\">\n\t\t\t\t<div class=\"elementor-widget-container\">\n\t\t\t\t\t\t\t<div class=\"elementor-divider\">\n\t\t\t<span class=\"elementor-divider-separator\">\n\t\t\t\t\t\t<\/span>\n\t\t<\/div>\n\t\t\t\t\t\t<\/div>\n\t\t\t\t<\/div>\n\t\t\t\t<\/div>\n\t\t\t\t<\/div>\n\t\t<div class=\"elementor-element elementor-element-934212d e-con-full e-flex e-con e-child\" data-id=\"934212d\" data-element_type=\"container\">\n\t\t\t\t<\/div>\n\t\t\t\t\t<\/div>\n\t\t\t\t<\/div>\n\t\t\t\t<\/div>\n\t\t","protected":false},"excerpt":{"rendered":"<p>Notions de base pour d\u00e9marrer une entreprise Enregistrement d\u2019une entreprise Pour enregistrer une entreprise, utilisez la page du site Web correspondante du gouvernement de l\u2019Ontario. Il n\u2019est plus possible d\u2019enregistrer une entreprise en personne \u00e0 un point de service de ServiceOntario. Vous trouverez un lien vers l\u2019enregistrement de votre entreprise ici. N\u2019oubliez pas d\u2019effectuer une [&hellip;]<\/p>\n","protected":false},"author":1,"featured_media":0,"parent":0,"menu_order":0,"comment_status":"closed","ping_status":"closed","template":"elementor_header_footer","meta":{"footnotes":""},"class_list":["post-2110","page","type-page","status-publish","hentry"],"yoast_head":"<!-- This site is optimized with the Yoast SEO plugin v26.7 - https:\/\/yoast.com\/wordpress\/plugins\/seo\/ -->\n<title>Les bases - Entrepreneurship Centre<\/title>\n<meta name=\"robots\" content=\"index, follow, max-snippet:-1, max-image-preview:large, max-video-preview:-1\" \/>\n<link rel=\"canonical\" href=\"https:\/\/entrepreneurship.gotothunderbay.ca\/fr\/les-bases\/\" \/>\n<meta property=\"og:locale\" content=\"fr_FR\" \/>\n<meta property=\"og:type\" content=\"article\" \/>\n<meta property=\"og:title\" content=\"Les bases - Entrepreneurship Centre\" \/>\n<meta property=\"og:description\" content=\"Notions de base pour d\u00e9marrer une entreprise Enregistrement d\u2019une entreprise Pour enregistrer une entreprise, utilisez la page du site Web correspondante du gouvernement de l\u2019Ontario. Il n\u2019est plus possible d\u2019enregistrer une entreprise en personne \u00e0 un point de service de ServiceOntario. Vous trouverez un lien vers l\u2019enregistrement de votre entreprise ici. N\u2019oubliez pas d\u2019effectuer une [&hellip;]\" \/>\n<meta property=\"og:url\" content=\"https:\/\/entrepreneurship.gotothunderbay.ca\/fr\/les-bases\/\" \/>\n<meta property=\"og:site_name\" content=\"Entrepreneurship Centre\" \/>\n<meta property=\"article:modified_time\" content=\"2025-10-30T16:41:45+00:00\" \/>\n<meta name=\"twitter:card\" content=\"summary_large_image\" \/>\n<meta name=\"twitter:label1\" content=\"Dur\u00e9e de lecture estim\u00e9e\" \/>\n\t<meta name=\"twitter:data1\" content=\"1 minute\" \/>\n<script type=\"application\/ld+json\" class=\"yoast-schema-graph\">{\"@context\":\"https:\/\/schema.org\",\"@graph\":[{\"@type\":\"WebPage\",\"@id\":\"https:\/\/entrepreneurship.gotothunderbay.ca\/fr\/les-bases\/\",\"url\":\"https:\/\/entrepreneurship.gotothunderbay.ca\/fr\/les-bases\/\",\"name\":\"Les bases - Entrepreneurship Centre\",\"isPartOf\":{\"@id\":\"https:\/\/entrepreneurship.gotothunderbay.ca\/#website\"},\"datePublished\":\"2024-07-04T14:50:29+00:00\",\"dateModified\":\"2025-10-30T16:41:45+00:00\",\"breadcrumb\":{\"@id\":\"https:\/\/entrepreneurship.gotothunderbay.ca\/fr\/les-bases\/#breadcrumb\"},\"inLanguage\":\"fr-FR\",\"potentialAction\":[{\"@type\":\"ReadAction\",\"target\":[\"https:\/\/entrepreneurship.gotothunderbay.ca\/fr\/les-bases\/\"]}]},{\"@type\":\"BreadcrumbList\",\"@id\":\"https:\/\/entrepreneurship.gotothunderbay.ca\/fr\/les-bases\/#breadcrumb\",\"itemListElement\":[{\"@type\":\"ListItem\",\"position\":1,\"name\":\"Home\",\"item\":\"https:\/\/entrepreneurship.gotothunderbay.ca\/fr\/les-bases\/\"},{\"@type\":\"ListItem\",\"position\":2,\"name\":\"Les bases\"}]},{\"@type\":\"WebSite\",\"@id\":\"https:\/\/entrepreneurship.gotothunderbay.ca\/#website\",\"url\":\"https:\/\/entrepreneurship.gotothunderbay.ca\/\",\"name\":\"Entrepreneurship Centre\",\"description\":\"\",\"publisher\":{\"@id\":\"https:\/\/entrepreneurship.gotothunderbay.ca\/#organization\"},\"potentialAction\":[{\"@type\":\"SearchAction\",\"target\":{\"@type\":\"EntryPoint\",\"urlTemplate\":\"https:\/\/entrepreneurship.gotothunderbay.ca\/?s={search_term_string}\"},\"query-input\":{\"@type\":\"PropertyValueSpecification\",\"valueRequired\":true,\"valueName\":\"search_term_string\"}}],\"inLanguage\":\"fr-FR\"},{\"@type\":\"Organization\",\"@id\":\"https:\/\/entrepreneurship.gotothunderbay.ca\/#organization\",\"name\":\"Entrepreneurship Centre\",\"url\":\"https:\/\/entrepreneurship.gotothunderbay.ca\/\",\"logo\":{\"@type\":\"ImageObject\",\"inLanguage\":\"fr-FR\",\"@id\":\"https:\/\/entrepreneurship.gotothunderbay.ca\/#\/schema\/logo\/image\/\",\"url\":\"https:\/\/entrepreneurship.gotothunderbay.ca\/wp-content\/uploads\/2024\/06\/EC-Logo-02.png\",\"contentUrl\":\"https:\/\/entrepreneurship.gotothunderbay.ca\/wp-content\/uploads\/2024\/06\/EC-Logo-02.png\",\"width\":400,\"height\":129,\"caption\":\"Entrepreneurship Centre\"},\"image\":{\"@id\":\"https:\/\/entrepreneurship.gotothunderbay.ca\/#\/schema\/logo\/image\/\"}}]}<\/script>\n<!-- \/ Yoast SEO plugin. -->","yoast_head_json":{"title":"Les bases - Entrepreneurship Centre","robots":{"index":"index","follow":"follow","max-snippet":"max-snippet:-1","max-image-preview":"max-image-preview:large","max-video-preview":"max-video-preview:-1"},"canonical":"https:\/\/entrepreneurship.gotothunderbay.ca\/fr\/les-bases\/","og_locale":"fr_FR","og_type":"article","og_title":"Les bases - Entrepreneurship Centre","og_description":"Notions de base pour d\u00e9marrer une entreprise Enregistrement d\u2019une entreprise Pour enregistrer une entreprise, utilisez la page du site Web correspondante du gouvernement de l\u2019Ontario. Il n\u2019est plus possible d\u2019enregistrer une entreprise en personne \u00e0 un point de service de ServiceOntario. Vous trouverez un lien vers l\u2019enregistrement de votre entreprise ici. N\u2019oubliez pas d\u2019effectuer une [&hellip;]","og_url":"https:\/\/entrepreneurship.gotothunderbay.ca\/fr\/les-bases\/","og_site_name":"Entrepreneurship Centre","article_modified_time":"2025-10-30T16:41:45+00:00","twitter_card":"summary_large_image","twitter_misc":{"Dur\u00e9e de lecture estim\u00e9e":"1 minute"},"schema":{"@context":"https:\/\/schema.org","@graph":[{"@type":"WebPage","@id":"https:\/\/entrepreneurship.gotothunderbay.ca\/fr\/les-bases\/","url":"https:\/\/entrepreneurship.gotothunderbay.ca\/fr\/les-bases\/","name":"Les bases - Entrepreneurship Centre","isPartOf":{"@id":"https:\/\/entrepreneurship.gotothunderbay.ca\/#website"},"datePublished":"2024-07-04T14:50:29+00:00","dateModified":"2025-10-30T16:41:45+00:00","breadcrumb":{"@id":"https:\/\/entrepreneurship.gotothunderbay.ca\/fr\/les-bases\/#breadcrumb"},"inLanguage":"fr-FR","potentialAction":[{"@type":"ReadAction","target":["https:\/\/entrepreneurship.gotothunderbay.ca\/fr\/les-bases\/"]}]},{"@type":"BreadcrumbList","@id":"https:\/\/entrepreneurship.gotothunderbay.ca\/fr\/les-bases\/#breadcrumb","itemListElement":[{"@type":"ListItem","position":1,"name":"Home","item":"https:\/\/entrepreneurship.gotothunderbay.ca\/fr\/les-bases\/"},{"@type":"ListItem","position":2,"name":"Les bases"}]},{"@type":"WebSite","@id":"https:\/\/entrepreneurship.gotothunderbay.ca\/#website","url":"https:\/\/entrepreneurship.gotothunderbay.ca\/","name":"Entrepreneurship Centre","description":"","publisher":{"@id":"https:\/\/entrepreneurship.gotothunderbay.ca\/#organization"},"potentialAction":[{"@type":"SearchAction","target":{"@type":"EntryPoint","urlTemplate":"https:\/\/entrepreneurship.gotothunderbay.ca\/?s={search_term_string}"},"query-input":{"@type":"PropertyValueSpecification","valueRequired":true,"valueName":"search_term_string"}}],"inLanguage":"fr-FR"},{"@type":"Organization","@id":"https:\/\/entrepreneurship.gotothunderbay.ca\/#organization","name":"Entrepreneurship Centre","url":"https:\/\/entrepreneurship.gotothunderbay.ca\/","logo":{"@type":"ImageObject","inLanguage":"fr-FR","@id":"https:\/\/entrepreneurship.gotothunderbay.ca\/#\/schema\/logo\/image\/","url":"https:\/\/entrepreneurship.gotothunderbay.ca\/wp-content\/uploads\/2024\/06\/EC-Logo-02.png","contentUrl":"https:\/\/entrepreneurship.gotothunderbay.ca\/wp-content\/uploads\/2024\/06\/EC-Logo-02.png","width":400,"height":129,"caption":"Entrepreneurship Centre"},"image":{"@id":"https:\/\/entrepreneurship.gotothunderbay.ca\/#\/schema\/logo\/image\/"}}]}},"_links":{"self":[{"href":"https:\/\/entrepreneurship.gotothunderbay.ca\/fr\/wp-json\/wp\/v2\/pages\/2110","targetHints":{"allow":["GET"]}}],"collection":[{"href":"https:\/\/entrepreneurship.gotothunderbay.ca\/fr\/wp-json\/wp\/v2\/pages"}],"about":[{"href":"https:\/\/entrepreneurship.gotothunderbay.ca\/fr\/wp-json\/wp\/v2\/types\/page"}],"author":[{"embeddable":true,"href":"https:\/\/entrepreneurship.gotothunderbay.ca\/fr\/wp-json\/wp\/v2\/users\/1"}],"replies":[{"embeddable":true,"href":"https:\/\/entrepreneurship.gotothunderbay.ca\/fr\/wp-json\/wp\/v2\/comments?post=2110"}],"version-history":[{"count":5,"href":"https:\/\/entrepreneurship.gotothunderbay.ca\/fr\/wp-json\/wp\/v2\/pages\/2110\/revisions"}],"predecessor-version":[{"id":3615,"href":"https:\/\/entrepreneurship.gotothunderbay.ca\/fr\/wp-json\/wp\/v2\/pages\/2110\/revisions\/3615"}],"wp:attachment":[{"href":"https:\/\/entrepreneurship.gotothunderbay.ca\/fr\/wp-json\/wp\/v2\/media?parent=2110"}],"curies":[{"name":"wp","href":"https:\/\/api.w.org\/{rel}","templated":true}]}}