{"id":2198,"date":"2024-09-05T10:39:32","date_gmt":"2024-09-05T14:39:32","guid":{"rendered":"https:\/\/entrepreneurship.gotothunderbay.ca\/les-bases\/avocats-comptables-consultants\/"},"modified":"2025-11-13T12:05:42","modified_gmt":"2025-11-13T16:05:42","slug":"avocats-comptables-consultants","status":"publish","type":"page","link":"https:\/\/entrepreneurship.gotothunderbay.ca\/fr\/les-bases\/avocats-comptables-consultants\/","title":{"rendered":"5. Avocats \/ Comptables \/ Consultants \/ Soutiens"},"content":{"rendered":"\t\t<div data-elementor-type=\"wp-page\" data-elementor-id=\"2198\" class=\"elementor elementor-2198\" data-elementor-post-type=\"page\">\n\t\t\t\t<div class=\"elementor-element elementor-element-92c4ed8 e-flex e-con-boxed e-con e-parent\" data-id=\"92c4ed8\" data-element_type=\"container\">\n\t\t\t\t\t<div class=\"e-con-inner\">\n\t\t<div class=\"elementor-element elementor-element-8dba512 e-con-full e-flex e-con e-child\" data-id=\"8dba512\" data-element_type=\"container\">\n\t\t<div class=\"elementor-element elementor-element-832eef3 e-con-full side-menu e-flex e-con e-child\" data-id=\"832eef3\" data-element_type=\"container\" data-settings=\"{&quot;background_background&quot;:&quot;classic&quot;}\">\n\t\t\t\t<div class=\"elementor-element elementor-element-65d136d elementor-widget elementor-widget-heading\" data-id=\"65d136d\" data-element_type=\"widget\" data-widget_type=\"heading.default\">\n\t\t\t\t<div class=\"elementor-widget-container\">\n\t\t\t\t\t<h2 class=\"elementor-heading-title elementor-size-default\">Les bases<\/h2>\t\t\t\t<\/div>\n\t\t\t\t<\/div>\n\t\t\t\t<div class=\"elementor-element elementor-element-0f873dd elementor-widget-divider--view-line elementor-widget elementor-widget-divider\" data-id=\"0f873dd\" data-element_type=\"widget\" data-widget_type=\"divider.default\">\n\t\t\t\t<div class=\"elementor-widget-container\">\n\t\t\t\t\t\t\t<div class=\"elementor-divider\">\n\t\t\t<span class=\"elementor-divider-separator\">\n\t\t\t\t\t\t<\/span>\n\t\t<\/div>\n\t\t\t\t\t\t<\/div>\n\t\t\t\t<\/div>\n\t\t\t\t<div class=\"elementor-element elementor-element-4c99ca4 eael-hamburger--none elementor-widget__width-inherit eael_simple_menu_hamburger_disable_selected_menu_no eael-simple-menu-hamburger-align-right elementor-widget elementor-widget-eael-simple-menu\" data-id=\"4c99ca4\" data-element_type=\"widget\" data-widget_type=\"eael-simple-menu.default\">\n\t\t\t\t<div class=\"elementor-widget-container\">\n\t\t\t\t\t            <div data-hamburger-icon=\"&lt;svg aria-hidden=&quot;true&quot; class=&quot;e-font-icon-svg e-fas-bars&quot; viewBox=&quot;0 0 448 512&quot; xmlns=&quot;http:\/\/www.w3.org\/2000\/svg&quot;&gt;&lt;path d=&quot;M16 132h416c8.837 0 16-7.163 16-16V76c0-8.837-7.163-16-16-16H16C7.163 60 0 67.163 0 76v40c0 8.837 7.163 16 16 16zm0 160h416c8.837 0 16-7.163 16-16v-40c0-8.837-7.163-16-16-16H16c-8.837 0-16 7.163-16 16v40c0 8.837 7.163 16 16 16zm0 160h416c8.837 0 16-7.163 16-16v-40c0-8.837-7.163-16-16-16H16c-8.837 0-16 7.163-16 16v40c0 8.837 7.163 16 16 16z&quot;&gt;&lt;\/path&gt;&lt;\/svg&gt;\" data-indicator-icon=\"&lt;svg aria-hidden=&quot;true&quot; class=&quot;e-font-icon-svg e-fas-angle-down&quot; viewBox=&quot;0 0 320 512&quot; xmlns=&quot;http:\/\/www.w3.org\/2000\/svg&quot;&gt;&lt;path d=&quot;M143 352.3L7 216.3c-9.4-9.4-9.4-24.6 0-33.9l22.6-22.6c9.4-9.4 24.6-9.4 33.9 0l96.4 96.4 96.4-96.4c9.4-9.4 24.6-9.4 33.9 0l22.6 22.6c9.4 9.4 9.4 24.6 0 33.9l-136 136c-9.2 9.4-24.4 9.4-33.8 0z&quot;&gt;&lt;\/path&gt;&lt;\/svg&gt;\" data-dropdown-indicator-icon=\"&lt;svg class=&quot;e-font-icon-svg e-fas-angle-down&quot; viewBox=&quot;0 0 320 512&quot; xmlns=&quot;http:\/\/www.w3.org\/2000\/svg&quot;&gt;&lt;path d=&quot;M143 352.3L7 216.3c-9.4-9.4-9.4-24.6 0-33.9l22.6-22.6c9.4-9.4 24.6-9.4 33.9 0l96.4 96.4 96.4-96.4c9.4-9.4 24.6-9.4 33.9 0l22.6 22.6c9.4 9.4 9.4 24.6 0 33.9l-136 136c-9.2 9.4-24.4 9.4-33.8 0z&quot;&gt;&lt;\/path&gt;&lt;\/svg&gt;\" class=\"eael-simple-menu-container eael-simple-menu-align-left eael-simple-menu-dropdown-align-left preset-1\" data-hamburger-breakpoints=\"{&quot;mobile&quot;:&quot;Portrait mobile (&gt; 767px)&quot;,&quot;tablet&quot;:&quot;Tablette en mode portrait (&gt; 1024px)&quot;,&quot;desktop&quot;:&quot;Desktop (&gt; 2400px)&quot;,&quot;none&quot;:&quot;None&quot;}\" data-hamburger-device=\"none\">\n                <ul id=\"menu-the-basics\" class=\"eael-simple-menu eael-simple-menu-dropdown-animate-to-top eael-simple-menu-indicator eael-simple-menu-vertical\"><li id=\"menu-item-1013\" class=\"menu-item menu-item-type-post_type menu-item-object-page menu-item-1013\"><a href=\"https:\/\/entrepreneurship.gotothunderbay.ca\/the-basics\/business-structure\/\">Structure de l\u2019entreprise<\/a><\/li>\n<li id=\"menu-item-1023\" class=\"menu-item menu-item-type-post_type menu-item-object-page menu-item-1023\"><a href=\"https:\/\/entrepreneurship.gotothunderbay.ca\/the-basics\/insurance\/\">Assurance<\/a><\/li>\n<li id=\"menu-item-1029\" class=\"menu-item menu-item-type-post_type menu-item-object-page menu-item-1029\"><a href=\"https:\/\/entrepreneurship.gotothunderbay.ca\/the-basics\/business-bank-account\/\">Compte bancaire d\u2019entreprise<\/a><\/li>\n<li id=\"menu-item-1053\" class=\"menu-item menu-item-type-post_type menu-item-object-page menu-item-1053\"><a href=\"https:\/\/entrepreneurship.gotothunderbay.ca\/the-basics\/hst-payroll-cra\/\">TVH\/Paie\/ARC<\/a><\/li>\n<li id=\"menu-item-1065\" class=\"menu-item menu-item-type-post_type menu-item-object-page menu-item-1065\"><a href=\"https:\/\/entrepreneurship.gotothunderbay.ca\/the-basics\/lawyers-accounts-consultants\/\">5. Avocats \/ Comptables \/ Consultants \/ Soutiens<\/a><\/li>\n<li id=\"menu-item-1077\" class=\"menu-item menu-item-type-post_type menu-item-object-page menu-item-1077\"><a href=\"https:\/\/entrepreneurship.gotothunderbay.ca\/the-basics\/permits-and-regulations\/\">Permis et r\u00e8glements<\/a><\/li>\n<\/ul>                <button class=\"eael-simple-menu-toggle\">\n                    <span class=\"sr-only \">Hamburger Toggle Menu<\/span>\n                    <svg aria-hidden=\"true\" class=\"e-font-icon-svg e-fas-bars\" viewBox=\"0 0 448 512\" xmlns=\"http:\/\/www.w3.org\/2000\/svg\"><path d=\"M16 132h416c8.837 0 16-7.163 16-16V76c0-8.837-7.163-16-16-16H16C7.163 60 0 67.163 0 76v40c0 8.837 7.163 16 16 16zm0 160h416c8.837 0 16-7.163 16-16v-40c0-8.837-7.163-16-16-16H16c-8.837 0-16 7.163-16 16v40c0 8.837 7.163 16 16 16zm0 160h416c8.837 0 16-7.163 16-16v-40c0-8.837-7.163-16-16-16H16c-8.837 0-16 7.163-16 16v40c0 8.837 7.163 16 16 16z\"><\/path><\/svg>                <\/button>\n            <\/div>\n            \t\t\t\t<\/div>\n\t\t\t\t<\/div>\n\t\t\t\t<\/div>\n\t\t<div class=\"elementor-element elementor-element-1f900cb e-con-full e-flex e-con e-child\" data-id=\"1f900cb\" data-element_type=\"container\">\n\t\t\t\t<div class=\"elementor-element elementor-element-bcfeddd elementor-widget elementor-widget-heading\" data-id=\"bcfeddd\" data-element_type=\"widget\" data-widget_type=\"heading.default\">\n\t\t\t\t<div class=\"elementor-widget-container\">\n\t\t\t\t\t<h2 class=\"elementor-heading-title elementor-size-default\">5. Avocats\/comptables\/consultants<\/h2>\t\t\t\t<\/div>\n\t\t\t\t<\/div>\n\t\t\t\t<div class=\"elementor-element elementor-element-d9758cf elementor-widget-divider--view-line elementor-widget elementor-widget-divider\" data-id=\"d9758cf\" data-element_type=\"widget\" data-widget_type=\"divider.default\">\n\t\t\t\t<div class=\"elementor-widget-container\">\n\t\t\t\t\t\t\t<div class=\"elementor-divider\">\n\t\t\t<span class=\"elementor-divider-separator\">\n\t\t\t\t\t\t<\/span>\n\t\t<\/div>\n\t\t\t\t\t\t<\/div>\n\t\t\t\t<\/div>\n\t\t\t\t<div class=\"elementor-element elementor-element-112edae elementor-widget elementor-widget-text-editor\" data-id=\"112edae\" data-element_type=\"widget\" data-widget_type=\"text-editor.default\">\n\t\t\t\t<div class=\"elementor-widget-container\">\n\t\t\t\t\t\t\t\t\t<p>De nombreux entrepreneurs racontent que lorsqu\u2019ils \u00e9taient plus jeunes, ils demandaient \u00e0 une personne ayant r\u00e9ussi dans les affaires quelles \u00e9taient les cl\u00e9s de la r\u00e9ussite en tant qu\u2019entrepreneurs. La fameuse r\u00e9ponse de toujours avoir un bon comptable et un bon avocat \u00e9tait toujours mentionn\u00e9e. Plus s\u00e9rieusement, il est important de disposer d\u2019un r\u00e9seau pour assurer le succ\u00e8s de votre entreprise. Ce r\u00e9seau peut comprendre des avocats et des comptables, ainsi que d\u2019autres consultants, mentors ou associ\u00e9s.<\/p>\n<p>Sans les conseils avis\u00e9s d\u2019un professionnel, les entrepreneurs risquent de se heurter \u00e0 des probl\u00e8mes fiscaux et \u00e0 des batailles juridiques qui auraient pu \u00eatre \u00e9vit\u00e9s. En outre, des situations telles que l\u2019enregistrement conforme de la soci\u00e9t\u00e9 ou la tenue d\u2019une documentation appropri\u00e9e peuvent vous \u00e9conomiser du temps et des fonds.<\/p>\n<p>Il n\u2019est pas n\u00e9cessaire d\u2019avoir un avocat ou un comptable parmi ses employ\u00e9s ou sous contrat. Toutefois, le fait de savoir \u00e0 qui vous pouvez vous adresser pour obtenir des conseils peut s\u2019av\u00e9rer tr\u00e8s utile.<\/p>\n<p>Un autre point \u00e0 mentionner est qu\u2019il existe divers soutiens auxquels vous pouvez faire appel, comme votre Chambre de commerce locale ou l\u2019Unit\u00e9 de sant\u00e9 publique. Par exemple, le Bureau de sant\u00e9 du district de Thunder Bay offre d\u2019excellentes ressources sur la sant\u00e9 en milieu de travail, que vous pouvez utiliser pour offrir \u00e0 vous et \u00e0 vos employ\u00e9s un environnement de travail sain et soutenir le bien-\u00eatre mental et physique.<\/p><p>Vous pouvez trouver des liens vers des organisations locales de soutien dans l\u2019onglet <a href=\"https:\/\/entrepreneurship.gotothunderbay.ca\/resources\/\">Ressources<\/a>.<\/p>\t\t\t\t\t\t\t\t<\/div>\n\t\t\t\t<\/div>\n\t\t\t\t<div class=\"elementor-element elementor-element-31405da elementor-widget-divider--view-line elementor-widget elementor-widget-divider\" data-id=\"31405da\" data-element_type=\"widget\" data-widget_type=\"divider.default\">\n\t\t\t\t<div class=\"elementor-widget-container\">\n\t\t\t\t\t\t\t<div class=\"elementor-divider\">\n\t\t\t<span class=\"elementor-divider-separator\">\n\t\t\t\t\t\t<\/span>\n\t\t<\/div>\n\t\t\t\t\t\t<\/div>\n\t\t\t\t<\/div>\n\t\t\t\t<div class=\"elementor-element elementor-element-395ebc7 elementor-icon-list--layout-traditional elementor-list-item-link-full_width elementor-widget elementor-widget-icon-list\" data-id=\"395ebc7\" data-element_type=\"widget\" data-widget_type=\"icon-list.default\">\n\t\t\t\t<div class=\"elementor-widget-container\">\n\t\t\t\t\t\t\t<ul class=\"elementor-icon-list-items\">\n\t\t\t\t\t\t\t<li class=\"elementor-icon-list-item\">\n\t\t\t\t\t\t\t\t\t\t\t<span class=\"elementor-icon-list-icon\">\n\t\t\t\t\t\t\t<svg aria-hidden=\"true\" class=\"e-font-icon-svg e-fas-arrow-left\" viewBox=\"0 0 448 512\" xmlns=\"http:\/\/www.w3.org\/2000\/svg\"><path d=\"M257.5 445.1l-22.2 22.2c-9.4 9.4-24.6 9.4-33.9 0L7 273c-9.4-9.4-9.4-24.6 0-33.9L201.4 44.7c9.4-9.4 24.6-9.4 33.9 0l22.2 22.2c9.5 9.5 9.3 25-.4 34.3L136.6 216H424c13.3 0 24 10.7 24 24v32c0 13.3-10.7 24-24 24H136.6l120.5 114.8c9.8 9.3 10 24.8.4 34.3z\"><\/path><\/svg>\t\t\t\t\t\t<\/span>\n\t\t\t\t\t\t\t\t\t\t<span class=\"elementor-icon-list-text\">Pr\u00e9c\u00e9dent<\/span>\n\t\t\t\t\t\t\t\t\t<\/li>\n\t\t\t\t\t\t<\/ul>\n\t\t\t\t\t\t<\/div>\n\t\t\t\t<\/div>\n\t\t\t\t<div class=\"elementor-element elementor-element-d8d1493 elementor-widget elementor-widget-heading\" data-id=\"d8d1493\" data-element_type=\"widget\" data-widget_type=\"heading.default\">\n\t\t\t\t<div class=\"elementor-widget-container\">\n\t\t\t\t\t<p class=\"elementor-heading-title elementor-size-default\"><a href=\"https:\/\/entrepreneurship.gotothunderbay.ca\/fr\/les-bases\/tvh-paie-arc\/\">4. TVH\/Paie\/ARC<\/a><\/p>\t\t\t\t<\/div>\n\t\t\t\t<\/div>\n\t\t\t\t<div class=\"elementor-element elementor-element-7c26a13 elementor-widget-divider--view-line elementor-widget elementor-widget-divider\" data-id=\"7c26a13\" data-element_type=\"widget\" data-widget_type=\"divider.default\">\n\t\t\t\t<div class=\"elementor-widget-container\">\n\t\t\t\t\t\t\t<div class=\"elementor-divider\">\n\t\t\t<span class=\"elementor-divider-separator\">\n\t\t\t\t\t\t<\/span>\n\t\t<\/div>\n\t\t\t\t\t\t<\/div>\n\t\t\t\t<\/div>\n\t\t\t\t<div class=\"elementor-element elementor-element-317aab2 elementor-icon-list--layout-traditional elementor-list-item-link-full_width elementor-widget elementor-widget-icon-list\" data-id=\"317aab2\" data-element_type=\"widget\" data-widget_type=\"icon-list.default\">\n\t\t\t\t<div class=\"elementor-widget-container\">\n\t\t\t\t\t\t\t<ul class=\"elementor-icon-list-items\">\n\t\t\t\t\t\t\t<li class=\"elementor-icon-list-item\">\n\t\t\t\t\t\t\t\t\t\t\t<span class=\"elementor-icon-list-icon\">\n\t\t\t\t\t\t\t<svg aria-hidden=\"true\" class=\"e-font-icon-svg e-fas-arrow-right\" viewBox=\"0 0 448 512\" xmlns=\"http:\/\/www.w3.org\/2000\/svg\"><path d=\"M190.5 66.9l22.2-22.2c9.4-9.4 24.6-9.4 33.9 0L441 239c9.4 9.4 9.4 24.6 0 33.9L246.6 467.3c-9.4 9.4-24.6 9.4-33.9 0l-22.2-22.2c-9.5-9.5-9.3-25 .4-34.3L311.4 296H24c-13.3 0-24-10.7-24-24v-32c0-13.3 10.7-24 24-24h287.4L190.9 101.2c-9.8-9.3-10-24.8-.4-34.3z\"><\/path><\/svg>\t\t\t\t\t\t<\/span>\n\t\t\t\t\t\t\t\t\t\t<span class=\"elementor-icon-list-text\">Suivante<\/span>\n\t\t\t\t\t\t\t\t\t<\/li>\n\t\t\t\t\t\t<\/ul>\n\t\t\t\t\t\t<\/div>\n\t\t\t\t<\/div>\n\t\t\t\t<div class=\"elementor-element elementor-element-ece89dd elementor-widget elementor-widget-heading\" data-id=\"ece89dd\" data-element_type=\"widget\" data-widget_type=\"heading.default\">\n\t\t\t\t<div class=\"elementor-widget-container\">\n\t\t\t\t\t<p class=\"elementor-heading-title elementor-size-default\"><a href=\"https:\/\/entrepreneurship.gotothunderbay.ca\/fr\/les-bases\/permis-et-reglements\/\">6. Permis et r\u00e8glements.<\/a><\/p>\t\t\t\t<\/div>\n\t\t\t\t<\/div>\n\t\t\t\t<div class=\"elementor-element elementor-element-3adbbbc elementor-widget-divider--separator-type-pattern elementor-widget-divider--no-spacing elementor-widget-divider--view-line elementor-widget elementor-widget-divider\" data-id=\"3adbbbc\" data-element_type=\"widget\" data-widget_type=\"divider.default\">\n\t\t\t\t<div class=\"elementor-widget-container\">\n\t\t\t\t\t\t\t<div class=\"elementor-divider\" style=\"--divider-pattern-url: url(&quot;data:image\/svg+xml,%3Csvg xmlns=&#039;http:\/\/www.w3.org\/2000\/svg&#039; preserveAspectRatio=&#039;none&#039; overflow=&#039;visible&#039; height=&#039;100%&#039; viewBox=&#039;0 0 24 24&#039; fill=&#039;black&#039; stroke=&#039;none&#039;%3E%3Cpath d=&#039;M24,8v12H0V8H24z M24,4v1H0V4H24z&#039;\/%3E%3C\/svg%3E&quot;);\">\n\t\t\t<span class=\"elementor-divider-separator\">\n\t\t\t\t\t\t<\/span>\n\t\t<\/div>\n\t\t\t\t\t\t<\/div>\n\t\t\t\t<\/div>\n\t\t\t\t<\/div>\n\t\t\t\t<\/div>\n\t\t\t\t\t<\/div>\n\t\t\t\t<\/div>\n\t\t\t\t<\/div>\n\t\t","protected":false},"excerpt":{"rendered":"<p>Les bases 1. Business Structure 2. Insurance 3. Business Bank Account 4. HST\/Payroll\/CRA 5. Lawyers\/Accountants\/ Consultants\/Supports 6. Permits and Regulations Hamburger Toggle Menu 5. Avocats\/comptables\/consultants De nombreux entrepreneurs racontent que lorsqu\u2019ils \u00e9taient plus jeunes, ils demandaient \u00e0 une personne ayant r\u00e9ussi dans les affaires quelles \u00e9taient les cl\u00e9s de la r\u00e9ussite en tant qu\u2019entrepreneurs. La [&hellip;]<\/p>\n","protected":false},"author":1,"featured_media":0,"parent":2110,"menu_order":0,"comment_status":"closed","ping_status":"closed","template":"elementor_header_footer","meta":{"footnotes":""},"class_list":["post-2198","page","type-page","status-publish","hentry"],"yoast_head":"<!-- This site is optimized with the Yoast SEO plugin v26.7 - https:\/\/yoast.com\/wordpress\/plugins\/seo\/ -->\n<title>5. Avocats \/ Comptables \/ Consultants \/ Soutiens - Entrepreneurship Centre<\/title>\n<meta name=\"robots\" content=\"index, follow, max-snippet:-1, max-image-preview:large, max-video-preview:-1\" \/>\n<link rel=\"canonical\" href=\"https:\/\/entrepreneurship.gotothunderbay.ca\/fr\/les-bases\/avocats-comptables-consultants\/\" \/>\n<meta property=\"og:locale\" content=\"fr_FR\" \/>\n<meta property=\"og:type\" content=\"article\" \/>\n<meta property=\"og:title\" content=\"5. Avocats \/ Comptables \/ Consultants \/ Soutiens - Entrepreneurship Centre\" \/>\n<meta property=\"og:description\" content=\"Les bases 1. Business Structure 2. Insurance 3. Business Bank Account 4. HST\/Payroll\/CRA 5. Lawyers\/Accountants\/ Consultants\/Supports 6. Permits and Regulations Hamburger Toggle Menu 5. Avocats\/comptables\/consultants De nombreux entrepreneurs racontent que lorsqu\u2019ils \u00e9taient plus jeunes, ils demandaient \u00e0 une personne ayant r\u00e9ussi dans les affaires quelles \u00e9taient les cl\u00e9s de la r\u00e9ussite en tant qu\u2019entrepreneurs. La [&hellip;]\" \/>\n<meta property=\"og:url\" content=\"https:\/\/entrepreneurship.gotothunderbay.ca\/fr\/les-bases\/avocats-comptables-consultants\/\" \/>\n<meta property=\"og:site_name\" content=\"Entrepreneurship Centre\" \/>\n<meta property=\"article:modified_time\" content=\"2025-11-13T16:05:42+00:00\" \/>\n<meta name=\"twitter:card\" content=\"summary_large_image\" \/>\n<meta name=\"twitter:label1\" content=\"Dur\u00e9e de lecture estim\u00e9e\" \/>\n\t<meta name=\"twitter:data1\" content=\"2 minutes\" \/>\n<script type=\"application\/ld+json\" class=\"yoast-schema-graph\">{\"@context\":\"https:\/\/schema.org\",\"@graph\":[{\"@type\":\"WebPage\",\"@id\":\"https:\/\/entrepreneurship.gotothunderbay.ca\/fr\/les-bases\/avocats-comptables-consultants\/\",\"url\":\"https:\/\/entrepreneurship.gotothunderbay.ca\/fr\/les-bases\/avocats-comptables-consultants\/\",\"name\":\"5. Avocats \/ Comptables \/ Consultants \/ Soutiens - Entrepreneurship Centre\",\"isPartOf\":{\"@id\":\"https:\/\/entrepreneurship.gotothunderbay.ca\/#website\"},\"datePublished\":\"2024-09-05T14:39:32+00:00\",\"dateModified\":\"2025-11-13T16:05:42+00:00\",\"breadcrumb\":{\"@id\":\"https:\/\/entrepreneurship.gotothunderbay.ca\/fr\/les-bases\/avocats-comptables-consultants\/#breadcrumb\"},\"inLanguage\":\"fr-FR\",\"potentialAction\":[{\"@type\":\"ReadAction\",\"target\":[\"https:\/\/entrepreneurship.gotothunderbay.ca\/fr\/les-bases\/avocats-comptables-consultants\/\"]}]},{\"@type\":\"BreadcrumbList\",\"@id\":\"https:\/\/entrepreneurship.gotothunderbay.ca\/fr\/les-bases\/avocats-comptables-consultants\/#breadcrumb\",\"itemListElement\":[{\"@type\":\"ListItem\",\"position\":1,\"name\":\"Home\",\"item\":\"https:\/\/entrepreneurship.gotothunderbay.ca\/fr\/les-bases\/\"},{\"@type\":\"ListItem\",\"position\":2,\"name\":\"Les bases\",\"item\":\"https:\/\/entrepreneurship.gotothunderbay.ca\/fr\/les-bases\/\"},{\"@type\":\"ListItem\",\"position\":3,\"name\":\"5. Avocats \/ Comptables \/ Consultants \/ Soutiens\"}]},{\"@type\":\"WebSite\",\"@id\":\"https:\/\/entrepreneurship.gotothunderbay.ca\/#website\",\"url\":\"https:\/\/entrepreneurship.gotothunderbay.ca\/\",\"name\":\"Entrepreneurship Centre\",\"description\":\"\",\"publisher\":{\"@id\":\"https:\/\/entrepreneurship.gotothunderbay.ca\/#organization\"},\"potentialAction\":[{\"@type\":\"SearchAction\",\"target\":{\"@type\":\"EntryPoint\",\"urlTemplate\":\"https:\/\/entrepreneurship.gotothunderbay.ca\/?s={search_term_string}\"},\"query-input\":{\"@type\":\"PropertyValueSpecification\",\"valueRequired\":true,\"valueName\":\"search_term_string\"}}],\"inLanguage\":\"fr-FR\"},{\"@type\":\"Organization\",\"@id\":\"https:\/\/entrepreneurship.gotothunderbay.ca\/#organization\",\"name\":\"Entrepreneurship Centre\",\"url\":\"https:\/\/entrepreneurship.gotothunderbay.ca\/\",\"logo\":{\"@type\":\"ImageObject\",\"inLanguage\":\"fr-FR\",\"@id\":\"https:\/\/entrepreneurship.gotothunderbay.ca\/#\/schema\/logo\/image\/\",\"url\":\"https:\/\/entrepreneurship.gotothunderbay.ca\/wp-content\/uploads\/2024\/06\/EC-Logo-02.png\",\"contentUrl\":\"https:\/\/entrepreneurship.gotothunderbay.ca\/wp-content\/uploads\/2024\/06\/EC-Logo-02.png\",\"width\":400,\"height\":129,\"caption\":\"Entrepreneurship Centre\"},\"image\":{\"@id\":\"https:\/\/entrepreneurship.gotothunderbay.ca\/#\/schema\/logo\/image\/\"}}]}<\/script>\n<!-- \/ Yoast SEO plugin. -->","yoast_head_json":{"title":"5. Avocats \/ Comptables \/ Consultants \/ Soutiens - Entrepreneurship Centre","robots":{"index":"index","follow":"follow","max-snippet":"max-snippet:-1","max-image-preview":"max-image-preview:large","max-video-preview":"max-video-preview:-1"},"canonical":"https:\/\/entrepreneurship.gotothunderbay.ca\/fr\/les-bases\/avocats-comptables-consultants\/","og_locale":"fr_FR","og_type":"article","og_title":"5. Avocats \/ Comptables \/ Consultants \/ Soutiens - Entrepreneurship Centre","og_description":"Les bases 1. Business Structure 2. Insurance 3. Business Bank Account 4. HST\/Payroll\/CRA 5. Lawyers\/Accountants\/ Consultants\/Supports 6. Permits and Regulations Hamburger Toggle Menu 5. Avocats\/comptables\/consultants De nombreux entrepreneurs racontent que lorsqu\u2019ils \u00e9taient plus jeunes, ils demandaient \u00e0 une personne ayant r\u00e9ussi dans les affaires quelles \u00e9taient les cl\u00e9s de la r\u00e9ussite en tant qu\u2019entrepreneurs. La [&hellip;]","og_url":"https:\/\/entrepreneurship.gotothunderbay.ca\/fr\/les-bases\/avocats-comptables-consultants\/","og_site_name":"Entrepreneurship Centre","article_modified_time":"2025-11-13T16:05:42+00:00","twitter_card":"summary_large_image","twitter_misc":{"Dur\u00e9e de lecture estim\u00e9e":"2 minutes"},"schema":{"@context":"https:\/\/schema.org","@graph":[{"@type":"WebPage","@id":"https:\/\/entrepreneurship.gotothunderbay.ca\/fr\/les-bases\/avocats-comptables-consultants\/","url":"https:\/\/entrepreneurship.gotothunderbay.ca\/fr\/les-bases\/avocats-comptables-consultants\/","name":"5. Avocats \/ Comptables \/ Consultants \/ Soutiens - Entrepreneurship Centre","isPartOf":{"@id":"https:\/\/entrepreneurship.gotothunderbay.ca\/#website"},"datePublished":"2024-09-05T14:39:32+00:00","dateModified":"2025-11-13T16:05:42+00:00","breadcrumb":{"@id":"https:\/\/entrepreneurship.gotothunderbay.ca\/fr\/les-bases\/avocats-comptables-consultants\/#breadcrumb"},"inLanguage":"fr-FR","potentialAction":[{"@type":"ReadAction","target":["https:\/\/entrepreneurship.gotothunderbay.ca\/fr\/les-bases\/avocats-comptables-consultants\/"]}]},{"@type":"BreadcrumbList","@id":"https:\/\/entrepreneurship.gotothunderbay.ca\/fr\/les-bases\/avocats-comptables-consultants\/#breadcrumb","itemListElement":[{"@type":"ListItem","position":1,"name":"Home","item":"https:\/\/entrepreneurship.gotothunderbay.ca\/fr\/les-bases\/"},{"@type":"ListItem","position":2,"name":"Les bases","item":"https:\/\/entrepreneurship.gotothunderbay.ca\/fr\/les-bases\/"},{"@type":"ListItem","position":3,"name":"5. Avocats \/ Comptables \/ Consultants \/ Soutiens"}]},{"@type":"WebSite","@id":"https:\/\/entrepreneurship.gotothunderbay.ca\/#website","url":"https:\/\/entrepreneurship.gotothunderbay.ca\/","name":"Entrepreneurship Centre","description":"","publisher":{"@id":"https:\/\/entrepreneurship.gotothunderbay.ca\/#organization"},"potentialAction":[{"@type":"SearchAction","target":{"@type":"EntryPoint","urlTemplate":"https:\/\/entrepreneurship.gotothunderbay.ca\/?s={search_term_string}"},"query-input":{"@type":"PropertyValueSpecification","valueRequired":true,"valueName":"search_term_string"}}],"inLanguage":"fr-FR"},{"@type":"Organization","@id":"https:\/\/entrepreneurship.gotothunderbay.ca\/#organization","name":"Entrepreneurship Centre","url":"https:\/\/entrepreneurship.gotothunderbay.ca\/","logo":{"@type":"ImageObject","inLanguage":"fr-FR","@id":"https:\/\/entrepreneurship.gotothunderbay.ca\/#\/schema\/logo\/image\/","url":"https:\/\/entrepreneurship.gotothunderbay.ca\/wp-content\/uploads\/2024\/06\/EC-Logo-02.png","contentUrl":"https:\/\/entrepreneurship.gotothunderbay.ca\/wp-content\/uploads\/2024\/06\/EC-Logo-02.png","width":400,"height":129,"caption":"Entrepreneurship Centre"},"image":{"@id":"https:\/\/entrepreneurship.gotothunderbay.ca\/#\/schema\/logo\/image\/"}}]}},"_links":{"self":[{"href":"https:\/\/entrepreneurship.gotothunderbay.ca\/fr\/wp-json\/wp\/v2\/pages\/2198","targetHints":{"allow":["GET"]}}],"collection":[{"href":"https:\/\/entrepreneurship.gotothunderbay.ca\/fr\/wp-json\/wp\/v2\/pages"}],"about":[{"href":"https:\/\/entrepreneurship.gotothunderbay.ca\/fr\/wp-json\/wp\/v2\/types\/page"}],"author":[{"embeddable":true,"href":"https:\/\/entrepreneurship.gotothunderbay.ca\/fr\/wp-json\/wp\/v2\/users\/1"}],"replies":[{"embeddable":true,"href":"https:\/\/entrepreneurship.gotothunderbay.ca\/fr\/wp-json\/wp\/v2\/comments?post=2198"}],"version-history":[{"count":8,"href":"https:\/\/entrepreneurship.gotothunderbay.ca\/fr\/wp-json\/wp\/v2\/pages\/2198\/revisions"}],"predecessor-version":[{"id":3632,"href":"https:\/\/entrepreneurship.gotothunderbay.ca\/fr\/wp-json\/wp\/v2\/pages\/2198\/revisions\/3632"}],"up":[{"embeddable":true,"href":"https:\/\/entrepreneurship.gotothunderbay.ca\/fr\/wp-json\/wp\/v2\/pages\/2110"}],"wp:attachment":[{"href":"https:\/\/entrepreneurship.gotothunderbay.ca\/fr\/wp-json\/wp\/v2\/media?parent=2198"}],"curies":[{"name":"wp","href":"https:\/\/api.w.org\/{rel}","templated":true}]}}